{"id":2,"date":"2024-03-17T13:21:34","date_gmt":"2024-03-17T12:21:34","guid":{"rendered":"https:\/\/trommlercorps-deilinghofen.de\/?page_id=2"},"modified":"2025-01-26T20:20:57","modified_gmt":"2025-01-26T19:20:57","slug":"beispiel-seite","status":"publish","type":"page","link":"https:\/\/trommlercorps-deilinghofen.de\/","title":{"rendered":"Startseite"},"content":{"rendered":"\t\t<div data-elementor-type=\"wp-page\" data-elementor-id=\"2\" class=\"elementor elementor-2\" data-elementor-post-type=\"page\">\n\t\t\t\t<div class=\"elementor-element elementor-element-6ba0432 e-flex e-con-boxed e-con e-parent\" data-id=\"6ba0432\" data-element_type=\"container\" data-settings=\"{&quot;background_background&quot;:&quot;classic&quot;}\">\n\t\t\t\t\t<div class=\"e-con-inner\">\n\t\t\t\t<div class=\"elementor-element elementor-element-b702a59 elementor-widget elementor-widget-spacer\" data-id=\"b702a59\" data-element_type=\"widget\" data-widget_type=\"spacer.default\">\n\t\t\t\t<div class=\"elementor-widget-container\">\n\t\t\t\t\t\t\t<div class=\"elementor-spacer\">\n\t\t\t<div class=\"elementor-spacer-inner\"><\/div>\n\t\t<\/div>\n\t\t\t\t\t\t<\/div>\n\t\t\t\t<\/div>\n\t\t\t\t\t<\/div>\n\t\t\t\t<\/div>\n\t\t<div class=\"elementor-element elementor-element-2132cf1 e-flex e-con-boxed e-con e-parent\" data-id=\"2132cf1\" data-element_type=\"container\" data-settings=\"{&quot;background_background&quot;:&quot;classic&quot;}\">\n\t\t\t\t\t<div class=\"e-con-inner\">\n\t\t\t\t<div class=\"elementor-element elementor-element-37b7ee8 elementor--h-position-center elementor--v-position-middle elementor-arrows-position-inside elementor-pagination-position-inside elementor-widget elementor-widget-slides\" data-id=\"37b7ee8\" data-element_type=\"widget\" data-settings=\"{&quot;transition&quot;:&quot;fade&quot;,&quot;navigation&quot;:&quot;both&quot;,&quot;autoplay&quot;:&quot;yes&quot;,&quot;autoplay_speed&quot;:5000,&quot;infinite&quot;:&quot;yes&quot;,&quot;transition_speed&quot;:500}\" data-widget_type=\"slides.default\">\n\t\t\t\t<div class=\"elementor-widget-container\">\n\t\t\t\t\t\t\t\t\t<div class=\"elementor-swiper\">\n\t\t\t\t\t<div class=\"elementor-slides-wrapper elementor-main-swiper swiper\" role=\"region\" aria-roledescription=\"carousel\" aria-label=\"Slider\" dir=\"ltr\" data-animation=\"fadeInUp\">\n\t\t\t\t<div class=\"swiper-wrapper elementor-slides\">\n\t\t\t\t\t\t\t\t\t\t<div class=\"elementor-repeater-item-1f0c7da swiper-slide\" role=\"group\" aria-roledescription=\"slide\"><div class=\"swiper-slide-bg elementor-ken-burns elementor-ken-burns--in\" role=\"img\" aria-label=\"a4d5cecc-c314-4f1d-96f9-a4219cd2d154\"><\/div><div class=\"elementor-background-overlay\"><\/div><a class=\"swiper-slide-inner\" href=\"https:\/\/trommlercorps-deilinghofen.de\/?p=134\"><div class=\"swiper-slide-contents\"><div class=\"elementor-slide-heading\">Herzlich Willkommen<\/div><div class=\"elementor-slide-description\"><br><br><\/div><div  class=\"elementor-button elementor-slide-button elementor-size-sm\">\u00dcber uns<\/div><\/div><\/a><\/div><div class=\"elementor-repeater-item-a9c753a swiper-slide\" role=\"group\" aria-roledescription=\"slide\"><div class=\"swiper-slide-bg elementor-ken-burns elementor-ken-burns--out\" role=\"img\" aria-label=\"Seite 581 008\"><\/div><div class=\"elementor-background-overlay\"><\/div><a class=\"swiper-slide-inner\" href=\"https:\/\/trommlercorps-deilinghofen.de\/?p=94\"><div class=\"swiper-slide-contents\"><div class=\"elementor-slide-heading\">Uns gibt es schon seit 125 Jahren<\/div><div class=\"elementor-slide-description\">Erfahre mehr \u00fcber die Geschichte und den Werdegang des Trommlercorps des TV Deilinghofen.<\/div><div  class=\"elementor-button elementor-slide-button elementor-size-sm\">125 Jahre<\/div><\/div><\/a><\/div><div class=\"elementor-repeater-item-d2e2529 swiper-slide\" role=\"group\" aria-roledescription=\"slide\"><div class=\"swiper-slide-bg elementor-ken-burns elementor-ken-burns--in\" role=\"img\" aria-label=\"D-hofen Sch\u00fctzenfest 1966-4038\"><\/div><div class=\"elementor-background-overlay\"><\/div><a class=\"swiper-slide-inner\" href=\"https:\/\/trommlercorps-deilinghofen.de\/?p=188\"><div class=\"swiper-slide-contents\"><div class=\"elementor-slide-heading\">Sch\u00fctzenfeste<\/div><div class=\"elementor-slide-description\">Wir sind bei vielen Sch\u00fctzenfesten vertreten. Unter anderem in Deilinghofen, Westig, Fr\u00f6nsberg, H\u00fcingsen uvm...<\/div><div  class=\"elementor-button elementor-slide-button elementor-size-sm\">Impressionen<\/div><\/div><\/a><\/div><div class=\"elementor-repeater-item-a877097 swiper-slide\" role=\"group\" aria-roledescription=\"slide\"><div class=\"swiper-slide-bg elementor-ken-burns elementor-ken-burns--out\" role=\"img\" aria-label=\"SCAN_20230413_0002\"><\/div><div class=\"elementor-background-overlay\"><\/div><div class=\"swiper-slide-inner\" ><div class=\"swiper-slide-contents\"><div class=\"elementor-slide-heading\">Seit 1899<\/div><div class=\"elementor-slide-description\">...haben wir Spass an Musik, Gemeinschaft und Tradition!<\/div><div  class=\"elementor-button elementor-slide-button elementor-size-sm\">Hier klicken<\/div><\/div><\/div><\/div>\t\t\t\t<\/div>\n\t\t\t\t\t\t\t\t\t\t\t\t\t\t\t<div class=\"elementor-swiper-button elementor-swiper-button-prev\" role=\"button\" tabindex=\"0\" aria-label=\"Vorheriger Slide\">\n\t\t\t\t\t\t\t<svg aria-hidden=\"true\" class=\"e-font-icon-svg e-eicon-chevron-left\" viewBox=\"0 0 1000 1000\" xmlns=\"http:\/\/www.w3.org\/2000\/svg\"><path d=\"M646 125C629 125 613 133 604 142L308 442C296 454 292 471 292 487 292 504 296 521 308 533L604 854C617 867 629 875 646 875 663 875 679 871 692 858 704 846 713 829 713 812 713 796 708 779 692 767L438 487 692 225C700 217 708 204 708 187 708 171 704 154 692 142 675 129 663 125 646 125Z\"><\/path><\/svg>\t\t\t\t\t\t<\/div>\n\t\t\t\t\t\t<div class=\"elementor-swiper-button elementor-swiper-button-next\" role=\"button\" tabindex=\"0\" aria-label=\"N\u00e4chster Slide\">\n\t\t\t\t\t\t\t<svg aria-hidden=\"true\" class=\"e-font-icon-svg e-eicon-chevron-right\" viewBox=\"0 0 1000 1000\" xmlns=\"http:\/\/www.w3.org\/2000\/svg\"><path d=\"M696 533C708 521 713 504 713 487 713 471 708 454 696 446L400 146C388 133 375 125 354 125 338 125 325 129 313 142 300 154 292 171 292 187 292 204 296 221 308 233L563 492 304 771C292 783 288 800 288 817 288 833 296 850 308 863 321 871 338 875 354 875 371 875 388 867 400 854L696 533Z\"><\/path><\/svg>\t\t\t\t\t\t<\/div>\n\t\t\t\t\t\t\t\t\t\t\t\t\t\t\t\t<div class=\"swiper-pagination\"><\/div>\n\t\t\t\t\t\t\t\t\t\t\t\t<\/div>\n\t\t\t\t<\/div>\n\t\t\t\t\t\t\t\t<\/div>\n\t\t\t\t<\/div>\n\t\t\t\t\t<\/div>\n\t\t\t\t<\/div>\n\t\t<div class=\"elementor-element elementor-element-f18dc9a e-flex e-con-boxed e-con e-parent\" data-id=\"f18dc9a\" data-element_type=\"container\" data-settings=\"{&quot;background_background&quot;:&quot;classic&quot;}\">\n\t\t\t\t\t<div class=\"e-con-inner\">\n\t\t\t\t<div class=\"elementor-element elementor-element-8807ff3 elementor-widget elementor-widget-spacer\" data-id=\"8807ff3\" data-element_type=\"widget\" data-widget_type=\"spacer.default\">\n\t\t\t\t<div class=\"elementor-widget-container\">\n\t\t\t\t\t\t\t<div class=\"elementor-spacer\">\n\t\t\t<div class=\"elementor-spacer-inner\"><\/div>\n\t\t<\/div>\n\t\t\t\t\t\t<\/div>\n\t\t\t\t<\/div>\n\t\t\t\t\t<\/div>\n\t\t\t\t<\/div>\n\t\t<div class=\"elementor-element elementor-element-e2f2d8a e-flex e-con-boxed e-con e-parent\" data-id=\"e2f2d8a\" data-element_type=\"container\" data-settings=\"{&quot;background_background&quot;:&quot;classic&quot;}\">\n\t\t\t\t\t<div class=\"e-con-inner\">\n\t\t\t\t<div class=\"elementor-element elementor-element-6c667bf elementor-widget elementor-widget-spacer\" data-id=\"6c667bf\" data-element_type=\"widget\" data-widget_type=\"spacer.default\">\n\t\t\t\t<div class=\"elementor-widget-container\">\n\t\t\t\t\t\t\t<div class=\"elementor-spacer\">\n\t\t\t<div class=\"elementor-spacer-inner\"><\/div>\n\t\t<\/div>\n\t\t\t\t\t\t<\/div>\n\t\t\t\t<\/div>\n\t\t\t\t\t<\/div>\n\t\t\t\t<\/div>\n\t\t<div class=\"elementor-element elementor-element-6e569ef e-grid e-con-boxed e-con e-parent\" data-id=\"6e569ef\" data-element_type=\"container\" data-settings=\"{&quot;background_background&quot;:&quot;classic&quot;}\">\n\t\t\t\t\t<div class=\"e-con-inner\">\n\t\t\t\t<div class=\"elementor-element elementor-element-a63e1cb elementor-widget elementor-widget-text-editor\" data-id=\"a63e1cb\" data-element_type=\"widget\" data-widget_type=\"text-editor.default\">\n\t\t\t\t<div class=\"elementor-widget-container\">\n\t\t\t\t\t\t\t\t\t<h2><span style=\"color: #dedede;\">Herzlich willkommen beim Trommlercorps des TV Deilinghofen.<\/span><\/h2><p><span style=\"color: #dedede;\">Wir, das Trommlercorps des TV Deilinghofen, blicken auf eine lange und stolze Geschichte zur\u00fcck. Unser Verein, der erstmals 1899 urkundlich erw\u00e4hnt wurde, z\u00e4hlt heute 34 aktive Mitglieder und ist fester Bestandteil des kulturellen Lebens in Deilinghofen und Umgebung. Im Jahr 2024 konnten wir ein ganz besonderes Jubil\u00e4um feiern: Unser 125-j\u00e4hriges Bestehen.<\/span><\/p><p><span style=\"color: #dedede;\">Dieses bedeutende Ereignis haben wir geb\u00fchrend gefeiert \u2013 in Ispei, zusammen mit rund 270 Mitgliedern, Freunden und G\u00e4sten. Es war ein unvergesslicher Tag voller Musik, Gemeinschaft und Erinnerungen an die reiche Geschichte unseres Trommlercorps. H\u00f6hepunkte des Festes waren die Auftritte unserer Musikerinnen und Musiker, bei denen wir eindrucksvoll zeigten, wie lebendig die Tradition unseres Vereins auch nach 125 Jahren ist.<\/span><\/p><p><span style=\"color: #dedede;\">Unsere Musik ist vielseitig und mitrei\u00dfend. Mit Instrumenten wie der gro\u00dfen Trommel, kleinen Trommel, Becken, Lyra und Querfl\u00f6te gestalten wir ein abwechslungsreiches Repertoire, das traditionelle M\u00e4rsche genauso umfasst wie modernere St\u00fccke. Besonders stolz sind wir auf unsere Jugend- und Nachwuchsarbeit. Hier geben wir unser Wissen und unsere Begeisterung an die n\u00e4chste Generation weiter und sichern so die Zukunft unseres Vereins.<span style=\"font-family: var( --e-global-typography-text-font-family ), Sans-serif; font-weight: var( --e-global-typography-text-font-weight ); text-align: var(--text-align); font-size: 0.875rem;\">.<\/span><\/span><\/p><p><span style=\"color: #dedede;\">Mit Stolz und Dankbarkeit blicken wir auf die vergangenen 125 Jahre zur\u00fcck \u2013 und freuen uns gleichzeitig auf alles, was die Zukunft f\u00fcr uns bereith\u00e4lt. Gemeinsam werden wir die Tradition und den einzigartigen Klang unseres Trommlercorps weiterf\u00fchren und noch viele weitere musikalische H\u00f6hepunkte erleben.<\/span><\/p>\t\t\t\t\t\t\t\t<\/div>\n\t\t\t\t<\/div>\n\t\t\t\t<div class=\"elementor-element elementor-element-a6556ad elementor-hidden-mobile elementor-widget elementor-widget-image\" data-id=\"a6556ad\" data-element_type=\"widget\" data-widget_type=\"image.default\">\n\t\t\t\t<div class=\"elementor-widget-container\">\n\t\t\t\t\t\t\t\t\t\t\t\t\t\t\t<img fetchpriority=\"high\" decoding=\"async\" width=\"800\" height=\"533\" src=\"https:\/\/trommlercorps-deilinghofen.de\/wp-content\/uploads\/2024\/11\/jubifeier1-1024x682.jpg\" class=\"attachment-large size-large wp-image-209\" alt=\"\" srcset=\"https:\/\/trommlercorps-deilinghofen.de\/wp-content\/uploads\/2024\/11\/jubifeier1-1024x682.jpg 1024w, https:\/\/trommlercorps-deilinghofen.de\/wp-content\/uploads\/2024\/11\/jubifeier1-300x200.jpg 300w, https:\/\/trommlercorps-deilinghofen.de\/wp-content\/uploads\/2024\/11\/jubifeier1-768x512.jpg 768w, https:\/\/trommlercorps-deilinghofen.de\/wp-content\/uploads\/2024\/11\/jubifeier1.jpg 1439w\" sizes=\"(max-width: 800px) 100vw, 800px\" \/>\t\t\t\t\t\t\t\t\t\t\t\t\t\t\t<\/div>\n\t\t\t\t<\/div>\n\t\t\t\t\t<\/div>\n\t\t\t\t<\/div>\n\t\t<div class=\"elementor-element elementor-element-b5b690b e-flex e-con-boxed e-con e-parent\" data-id=\"b5b690b\" data-element_type=\"container\" data-settings=\"{&quot;background_background&quot;:&quot;classic&quot;}\">\n\t\t\t\t\t<div class=\"e-con-inner\">\n\t\t\t\t<div class=\"elementor-element elementor-element-ff36fbc elementor-widget elementor-widget-spacer\" data-id=\"ff36fbc\" data-element_type=\"widget\" data-widget_type=\"spacer.default\">\n\t\t\t\t<div class=\"elementor-widget-container\">\n\t\t\t\t\t\t\t<div class=\"elementor-spacer\">\n\t\t\t<div class=\"elementor-spacer-inner\"><\/div>\n\t\t<\/div>\n\t\t\t\t\t\t<\/div>\n\t\t\t\t<\/div>\n\t\t\t\t\t<\/div>\n\t\t\t\t<\/div>\n\t\t<div class=\"elementor-element elementor-element-c3cac95 e-grid e-con-boxed e-con e-parent\" data-id=\"c3cac95\" data-element_type=\"container\" data-settings=\"{&quot;background_background&quot;:&quot;classic&quot;}\">\n\t\t\t\t\t<div class=\"e-con-inner\">\n\t\t\t\t<div class=\"elementor-element elementor-element-9b93d13 elementor-widget elementor-widget-image\" data-id=\"9b93d13\" data-element_type=\"widget\" data-widget_type=\"image.default\">\n\t\t\t\t<div class=\"elementor-widget-container\">\n\t\t\t\t\t\t\t\t\t\t\t\t\t\t\t\t<a href=\"https:\/\/trommlercorps-deilinghofen.de\/?p=94\">\n\t\t\t\t\t\t\t<img decoding=\"async\" width=\"768\" height=\"543\" src=\"https:\/\/trommlercorps-deilinghofen.de\/wp-content\/uploads\/2024\/11\/logo125-768x543.png\" class=\"elementor-animation-buzz attachment-medium_large size-medium_large wp-image-84\" alt=\"\" srcset=\"https:\/\/trommlercorps-deilinghofen.de\/wp-content\/uploads\/2024\/11\/logo125-768x543.png 768w, https:\/\/trommlercorps-deilinghofen.de\/wp-content\/uploads\/2024\/11\/logo125-300x212.png 300w, https:\/\/trommlercorps-deilinghofen.de\/wp-content\/uploads\/2024\/11\/logo125-1024x724.png 1024w, https:\/\/trommlercorps-deilinghofen.de\/wp-content\/uploads\/2024\/11\/logo125.png 1515w\" sizes=\"(max-width: 768px) 100vw, 768px\" \/>\t\t\t\t\t\t\t\t<\/a>\n\t\t\t\t\t\t\t\t\t\t\t\t\t\t\t<\/div>\n\t\t\t\t<\/div>\n\t\t\t\t<div class=\"elementor-element elementor-element-7efe519 elementor-widget elementor-widget-video\" data-id=\"7efe519\" data-element_type=\"widget\" data-settings=\"{&quot;video_type&quot;:&quot;hosted&quot;,&quot;autoplay&quot;:&quot;yes&quot;,&quot;play_on_mobile&quot;:&quot;yes&quot;,&quot;loop&quot;:&quot;yes&quot;,&quot;start&quot;:4,&quot;mute&quot;:&quot;yes&quot;,&quot;controls&quot;:&quot;yes&quot;}\" data-widget_type=\"video.default\">\n\t\t\t\t<div class=\"elementor-widget-container\">\n\t\t\t\t\t\t\t<div class=\"e-hosted-video elementor-wrapper elementor-open-inline\">\n\t\t\t\t\t<video class=\"elementor-video\" src=\"https:\/\/trommlercorps-deilinghofen.de\/wp-content\/uploads\/2024\/11\/video125.mp4#t=4\" autoplay=\"\" loop=\"\" controls=\"\" muted=\"muted\" playsinline=\"\" controlsList=\"nodownload\"><\/video>\n\t\t\t\t<\/div>\n\t\t\t\t\t\t<\/div>\n\t\t\t\t<\/div>\n\t\t\t\t\t<\/div>\n\t\t\t\t<\/div>\n\t\t<div class=\"elementor-element elementor-element-e568150 e-grid e-con-full e-con e-parent\" data-id=\"e568150\" data-element_type=\"container\" data-settings=\"{&quot;background_background&quot;:&quot;classic&quot;}\">\n\t\t\t\t<\/div>\n\t\t<div class=\"elementor-element elementor-element-f370793 e-flex e-con-boxed e-con e-parent\" data-id=\"f370793\" data-element_type=\"container\" data-settings=\"{&quot;background_background&quot;:&quot;classic&quot;}\">\n\t\t\t\t\t<div class=\"e-con-inner\">\n\t\t\t\t<div class=\"elementor-element elementor-element-d3c3da9 elementor-widget elementor-widget-spacer\" data-id=\"d3c3da9\" data-element_type=\"widget\" data-widget_type=\"spacer.default\">\n\t\t\t\t<div class=\"elementor-widget-container\">\n\t\t\t\t\t\t\t<div class=\"elementor-spacer\">\n\t\t\t<div class=\"elementor-spacer-inner\"><\/div>\n\t\t<\/div>\n\t\t\t\t\t\t<\/div>\n\t\t\t\t<\/div>\n\t\t\t\t\t<\/div>\n\t\t\t\t<\/div>\n\t\t<div class=\"elementor-element elementor-element-e29ee0e e-grid e-con-boxed e-con e-parent\" data-id=\"e29ee0e\" data-element_type=\"container\" data-settings=\"{&quot;background_background&quot;:&quot;classic&quot;}\">\n\t\t\t\t\t<div class=\"e-con-inner\">\n\t\t\t\t<div class=\"elementor-element elementor-element-b5cf822 elementor-widget elementor-widget-image\" data-id=\"b5cf822\" data-element_type=\"widget\" data-widget_type=\"image.default\">\n\t\t\t\t<div class=\"elementor-widget-container\">\n\t\t\t\t\t\t\t\t\t\t\t\t\t\t\t\t<a href=\"https:\/\/trommlercorps-deilinghofen.de\/?p=188\">\n\t\t\t\t\t\t\t<img decoding=\"async\" width=\"1986\" height=\"603\" src=\"https:\/\/trommlercorps-deilinghofen.de\/wp-content\/uploads\/2024\/11\/impressionen.jpg\" class=\"attachment-full size-full wp-image-456\" alt=\"\" srcset=\"https:\/\/trommlercorps-deilinghofen.de\/wp-content\/uploads\/2024\/11\/impressionen.jpg 1986w, https:\/\/trommlercorps-deilinghofen.de\/wp-content\/uploads\/2024\/11\/impressionen-300x91.jpg 300w, https:\/\/trommlercorps-deilinghofen.de\/wp-content\/uploads\/2024\/11\/impressionen-1024x311.jpg 1024w, https:\/\/trommlercorps-deilinghofen.de\/wp-content\/uploads\/2024\/11\/impressionen-768x233.jpg 768w, https:\/\/trommlercorps-deilinghofen.de\/wp-content\/uploads\/2024\/11\/impressionen-1536x466.jpg 1536w\" sizes=\"(max-width: 1986px) 100vw, 1986px\" \/>\t\t\t\t\t\t\t\t<\/a>\n\t\t\t\t\t\t\t\t\t\t\t\t\t\t\t<\/div>\n\t\t\t\t<\/div>\n\t\t\t\t\t<\/div>\n\t\t\t\t<\/div>\n\t\t<div class=\"elementor-element elementor-element-2a37148 e-flex e-con-boxed e-con e-parent\" data-id=\"2a37148\" data-element_type=\"container\" data-settings=\"{&quot;background_background&quot;:&quot;classic&quot;}\">\n\t\t\t\t\t<div class=\"e-con-inner\">\n\t\t\t\t<div class=\"elementor-element elementor-element-420eaf3 elementor-widget elementor-widget-spacer\" data-id=\"420eaf3\" data-element_type=\"widget\" data-widget_type=\"spacer.default\">\n\t\t\t\t<div class=\"elementor-widget-container\">\n\t\t\t\t\t\t\t<div class=\"elementor-spacer\">\n\t\t\t<div class=\"elementor-spacer-inner\"><\/div>\n\t\t<\/div>\n\t\t\t\t\t\t<\/div>\n\t\t\t\t<\/div>\n\t\t\t\t\t<\/div>\n\t\t\t\t<\/div>\n\t\t<div class=\"elementor-element elementor-element-10580a8 e-grid e-con-boxed e-con e-parent\" data-id=\"10580a8\" data-element_type=\"container\" data-settings=\"{&quot;background_background&quot;:&quot;classic&quot;}\">\n\t\t\t\t\t<div class=\"e-con-inner\">\n\t\t\t\t<div class=\"elementor-element elementor-element-34116dd elementor-widget elementor-widget-facebook-embed\" data-id=\"34116dd\" data-element_type=\"widget\" data-widget_type=\"facebook-embed.default\">\n\t\t\t\t<div class=\"elementor-widget-container\">\n\t\t\t\t\t<div style=\"min-height: 1px\" class=\"elementor-facebook-widget fb-post\" data-href=\"https:\/\/www.facebook.com\/TVDeilinghofendrums\/posts\/pfbid0sMJZaEX4GzvkfumJFR2Y46uqJ4P5krWFMhMJHGbmR7ZSNKCCo3aCUb8GUKErdgjBl?__cft__%5B0%5D=AZWa5uRw2H7Jb1hsMZIMDYsP_D0InFWt5NCxfhUVf-RLfQqbiM6j3enwfgWgcCDSQt5rWwYlLP0HaQGuOhArQdQXVY_Qgiabixlf1-rdA4382t548iNNPUDPxU4PDz4vYpu2_1Fjs_91Ta-2igbC9u9M3QW3HTg-W2hgW3QkQEHjv5uwpCC1LVxj3LS9P18qnLc&#038;__tn__=%2CO%2CP-R\" data-show-text=\"false\"><\/div>\t\t\t\t<\/div>\n\t\t\t\t<\/div>\n\t\t\t\t<div class=\"elementor-element elementor-element-ca79dfc elementor-widget elementor-widget-facebook-embed\" data-id=\"ca79dfc\" data-element_type=\"widget\" data-widget_type=\"facebook-embed.default\">\n\t\t\t\t<div class=\"elementor-widget-container\">\n\t\t\t\t\t<div style=\"min-height: 1px\" class=\"elementor-facebook-widget fb-post\" data-href=\"https:\/\/www.facebook.com\/TVDeilinghofendrums\/posts\/pfbid02Awywa5C2LUCCThtomKvLvgogsUVCJpcDmKDbHEXGZQBENgPuspuxyuvQqVWLqhMMl?__cft__%5B0%5D=AZXAxip_72tV50oP5SFbBBiAiORPMolH4X7XcP8V9il13QqTkBZ_xaigszismZY5R1jxDT51XnvjyQ0JzlKqQYpDKA7aHX0OWvKwM5XNRqxuEDFPtSSoNj7Qbx1XoB3TgPKtdVK0WmJ5Oez2TExX_-vAf8ulU2yn_Q59BBOir9JiHG80Mn5e9wSRPiJ2MWAlOIk&#038;__tn__=%2CO%2CP-R\" data-show-text=\"false\"><\/div>\t\t\t\t<\/div>\n\t\t\t\t<\/div>\n\t\t\t\t<div class=\"elementor-element elementor-element-e28b352 elementor-widget elementor-widget-facebook-embed\" data-id=\"e28b352\" data-element_type=\"widget\" data-widget_type=\"facebook-embed.default\">\n\t\t\t\t<div class=\"elementor-widget-container\">\n\t\t\t\t\t<div style=\"min-height: 1px\" class=\"elementor-facebook-widget fb-post\" data-href=\"https:\/\/www.facebook.com\/TVDeilinghofendrums\/posts\/pfbid033akVhYVKSgrhjKxPftxZkNqdioDjTBBdtgx773H1osvQxCvD9oK5jhD46rXvwJGbl?__cft__%5B0%5D=AZX4SXYWLC1J8pSgaESRHL7pvBwNTFvpXH2cwJr1Ota9XF9RTQZRLeBIqh-DJn_H9ABa3j6a5gYgCyRLkDEPzRP7KKBD7Hpy2KvSeijBA1D_nVk4UtOpGGM0AlunB9otop804OtumqHaS1JMoVkSQqoWsL_nLPVAu2IaOAGJmK6cvoeXpAaKRhI-riXkS63gsc4&#038;__tn__=%2CO%2CP-R\" data-show-text=\"false\"><\/div>\t\t\t\t<\/div>\n\t\t\t\t<\/div>\n\t\t\t\t<div class=\"elementor-element elementor-element-510d4aa elementor-widget elementor-widget-facebook-embed\" data-id=\"510d4aa\" data-element_type=\"widget\" data-widget_type=\"facebook-embed.default\">\n\t\t\t\t<div class=\"elementor-widget-container\">\n\t\t\t\t\t<div style=\"min-height: 1px\" class=\"elementor-facebook-widget fb-post\" data-href=\"https:\/\/www.facebook.com\/TVDeilinghofendrums\/posts\/pfbid02wW7PBtowu92kZtAuhRm5CAjK4aaKProkbvVUQkJnZJUgXpScvZgNjNCkmD2Q8pCZl?__cft__%5B0%5D=AZVjI9vXLWBGPbJv3sWqu90JzveNXnmYYVrmAc65bus0aqjCLf0Mt07SSHBAu0mSwaUm80E3HAbdMoFMrhaKS0UtMpW5ZoDQGBdnM3qLNON8Hyn3CnDOu2rQOYxzatKD9Y_VX9LnNDK0sUJJT68w0gUWyHRvFHpiZJtWkbr9ouCyp9AlNJ05UWk_TJYg7ugTsCg&#038;__tn__=%2CO%2CP-R\" data-show-text=\"false\"><\/div>\t\t\t\t<\/div>\n\t\t\t\t<\/div>\n\t\t\t\t\t<\/div>\n\t\t\t\t<\/div>\n\t\t<div class=\"elementor-element elementor-element-8c1bfd6 e-grid e-con-boxed e-con e-parent\" data-id=\"8c1bfd6\" data-element_type=\"container\" data-settings=\"{&quot;background_background&quot;:&quot;classic&quot;}\">\n\t\t\t\t\t<div class=\"e-con-inner\">\n\t\t\t\t<div class=\"elementor-element elementor-element-e1bb5bd elementor-align-center elementor-widget elementor-widget-button\" data-id=\"e1bb5bd\" data-element_type=\"widget\" data-widget_type=\"button.default\">\n\t\t\t\t<div class=\"elementor-widget-container\">\n\t\t\t\t\t\t\t\t\t<div class=\"elementor-button-wrapper\">\n\t\t\t\t\t<a class=\"elementor-button elementor-button-link elementor-size-sm\" href=\"https:\/\/www.facebook.com\/TVDeilinghofendrums\">\n\t\t\t\t\t\t<span class=\"elementor-button-content-wrapper\">\n\t\t\t\t\t\t<span class=\"elementor-button-icon\">\n\t\t\t\t<svg aria-hidden=\"true\" class=\"e-font-icon-svg e-fab-facebook\" viewBox=\"0 0 512 512\" xmlns=\"http:\/\/www.w3.org\/2000\/svg\"><path d=\"M504 256C504 119 393 8 256 8S8 119 8 256c0 123.78 90.69 226.38 209.25 245V327.69h-63V256h63v-54.64c0-62.15 37-96.48 93.67-96.48 27.14 0 55.52 4.84 55.52 4.84v61h-31.28c-30.8 0-40.41 19.12-40.41 38.73V256h68.78l-11 71.69h-57.78V501C413.31 482.38 504 379.78 504 256z\"><\/path><\/svg>\t\t\t<\/span>\n\t\t\t\t\t\t\t\t\t<span class=\"elementor-button-text\">                Folge uns auf Facebook     <\/span>\n\t\t\t\t\t<\/span>\n\t\t\t\t\t<\/a>\n\t\t\t\t<\/div>\n\t\t\t\t\t\t\t\t<\/div>\n\t\t\t\t<\/div>\n\t\t\t\t<div class=\"elementor-element elementor-element-cdf8907 elementor-widget elementor-widget-spacer\" data-id=\"cdf8907\" data-element_type=\"widget\" data-widget_type=\"spacer.default\">\n\t\t\t\t<div class=\"elementor-widget-container\">\n\t\t\t\t\t\t\t<div class=\"elementor-spacer\">\n\t\t\t<div class=\"elementor-spacer-inner\"><\/div>\n\t\t<\/div>\n\t\t\t\t\t\t<\/div>\n\t\t\t\t<\/div>\n\t\t\t\t\t<\/div>\n\t\t\t\t<\/div>\n\t\t<div class=\"elementor-element elementor-element-7d2e5ec e-flex e-con-boxed e-con e-parent\" data-id=\"7d2e5ec\" data-element_type=\"container\" data-settings=\"{&quot;background_background&quot;:&quot;classic&quot;}\">\n\t\t\t\t\t<div class=\"e-con-inner\">\n\t\t\t\t<div class=\"elementor-element elementor-element-c1d7e0b elementor-widget elementor-widget-spacer\" data-id=\"c1d7e0b\" data-element_type=\"widget\" data-widget_type=\"spacer.default\">\n\t\t\t\t<div class=\"elementor-widget-container\">\n\t\t\t\t\t\t\t<div class=\"elementor-spacer\">\n\t\t\t<div class=\"elementor-spacer-inner\"><\/div>\n\t\t<\/div>\n\t\t\t\t\t\t<\/div>\n\t\t\t\t<\/div>\n\t\t\t\t\t<\/div>\n\t\t\t\t<\/div>\n\t\t\t\t<\/div>\n\t\t","protected":false},"excerpt":{"rendered":"<p>Herzlich Willkommen \u00dcber unsUns gibt es schon seit 125 JahrenErfahre mehr \u00fcber die Geschichte und den Werdegang des Trommlercorps des TV Deilinghofen.125 JahreSch\u00fctzenfesteWir sind bei vielen Sch\u00fctzenfesten vertreten. Unter anderem &#8230;<\/p>\n","protected":false},"author":1,"featured_media":0,"parent":0,"menu_order":0,"comment_status":"closed","ping_status":"open","template":"","meta":{"footnotes":""},"class_list":["post-2","page","type-page","status-publish","hentry"],"_links":{"self":[{"href":"https:\/\/trommlercorps-deilinghofen.de\/index.php?rest_route=\/wp\/v2\/pages\/2","targetHints":{"allow":["GET"]}}],"collection":[{"href":"https:\/\/trommlercorps-deilinghofen.de\/index.php?rest_route=\/wp\/v2\/pages"}],"about":[{"href":"https:\/\/trommlercorps-deilinghofen.de\/index.php?rest_route=\/wp\/v2\/types\/page"}],"author":[{"embeddable":true,"href":"https:\/\/trommlercorps-deilinghofen.de\/index.php?rest_route=\/wp\/v2\/users\/1"}],"replies":[{"embeddable":true,"href":"https:\/\/trommlercorps-deilinghofen.de\/index.php?rest_route=%2Fwp%2Fv2%2Fcomments&post=2"}],"version-history":[{"count":417,"href":"https:\/\/trommlercorps-deilinghofen.de\/index.php?rest_route=\/wp\/v2\/pages\/2\/revisions"}],"predecessor-version":[{"id":1136,"href":"https:\/\/trommlercorps-deilinghofen.de\/index.php?rest_route=\/wp\/v2\/pages\/2\/revisions\/1136"}],"wp:attachment":[{"href":"https:\/\/trommlercorps-deilinghofen.de\/index.php?rest_route=%2Fwp%2Fv2%2Fmedia&parent=2"}],"curies":[{"name":"wp","href":"https:\/\/api.w.org\/{rel}","templated":true}]}}